{"id":256,"date":"2016-08-22T05:21:45","date_gmt":"2016-08-22T05:21:45","guid":{"rendered":"http:\/\/kungurija.lv\/de\/restorans\/"},"modified":"2017-09-23T12:00:37","modified_gmt":"2017-09-23T09:00:37","slug":"restaurant","status":"publish","type":"page","link":"https:\/\/kungurija.lv\/de\/restaurant\/","title":{"rendered":"RESTAURANT"},"content":{"rendered":"<div class=\"be-section         clearfix\" data-headerscheme=\"background--light\" style=\" \"  ><div class=\"be-section-pad clearfix \" style=\" padding-top:20px;padding-bottom:0px;\" data-padding-top = \"20\"><div class=\"be-row-wrap be-column-spacing clearfix\" style=\"border-spacing:20px 0;\"><div  class=\"be-row  zero-bottom be-no-space \"><div  class=\"one-half column-block  with-background    \" data-animation=\"\" style=\"background-color: #ffffff;  \"><div class=\"be-custom-column-pad\" style=\"padding-top: 20%;padding-right: 15%;padding-bottom: 20%;padding-left: 15%;\"><div class=\"special-heading-wrap style4 \" data-animation=\"fadeIn\"><div class=\"special-heading \"><h3 class=\"special-h-tag\" style=\"color: \">DIE K\u00dcCHE<\/h3><\/div><div class=\"vertical-divider bottom\" style=\"background-color:#d2d2d2;\"><\/div><\/div><p><span style=\"font-weight: 400;\">Die Scheunenk\u00fcche steht im Zeichen der Synthesis, denn wir vereinen lettische Traditionen mit Eindr\u00fccken aus aller Welt. Ein endloser Prozess des Suchens und Versuchens um etwas neues zu erschaffen, aber es nicht zu komplizieren. Wir stimmen deshalb dem Prinzen der Gastronomie Maurice Edmond &#8211; Saillant (Courononsky) zu: &#8220;Et surtout, faites simple!\u201d &#8211; Vor allem halte es einfach!<\/span><\/p>\n<p><span style=\"font-weight: 400;\">Und genauso wie es die franz\u00f6sischen Winzer halten: \u201cLa cuisine, c&#8217;est quand les choses ont le go\u00fbt de ce qu&#8217;elles sont.\u201d &#8211; Gutes Kochen ist, wenn die Dinge schmecken, was sie sind.<\/span><\/p>\n<p><span style=\"font-weight: 400;\">Spezielle Angebote, Veranstaltungen und Catering Service.<\/span><\/p>\n<p><span style=\"font-weight: 400;\">Wir betreuen gerne Veranstaltungen auch ausser Haus &#8211; ob Canap\u00e9-Buffets bei festlichen Pr\u00e4sentationen, oder ein hochklassiges Hochzeit-Menu aber auch ein BBQ in freier Natur.<\/span><\/p>\n<\/div><\/div><div  class=\"one-half column-block  with-background be-bg-cover   \" data-animation=\"\" style=\"background: url(https:\/\/kungurija.lv\/wp-content\/uploads\/2017\/02\/Baltic-Pictures-9633.jpg) no-repeat scroll center center;  \"><div class=\"be-custom-column-inner\"><\/div><\/div><\/div><\/div><\/div><\/div><div class=\"be-section         clearfix\" data-headerscheme=\"background--light\" style=\" \"  ><div class=\"be-section-pad clearfix \" style=\" padding-top:20px;padding-bottom:20px;\" data-padding-top = \"20\"><div class=\"be-row-wrap be-column-spacing clearfix\" style=\"border-spacing:20px 0;\"><div  class=\"be-row  zero-bottom be-no-space \"><div  class=\"one-half column-block  with-background be-bg-cover   \" data-animation=\"\" style=\"background: url(https:\/\/kungurija.lv\/wp-content\/uploads\/2016\/08\/vina-skapis-ar-uguni.jpg) no-repeat scroll center right;  \"><div class=\"be-custom-column-inner\"><\/div><\/div><div  class=\"one-half column-block  with-background    \" data-animation=\"\" style=\"background-color: #ffffff;  \"><div class=\"be-custom-column-pad\" style=\"padding-top: 15%;padding-right: 15%;padding-bottom: 15%;padding-left: 15%;\"><div class=\"special-heading-wrap style4 \" data-animation=\"fadeIn\"><div class=\"special-heading \"><h3 class=\"special-h-tag\" style=\"color: \"> DIE WEINKARTE<\/h3><\/div><div class=\"vertical-divider bottom\" style=\"background-color:#d2d2d2;\"><\/div><\/div><p><span style=\"font-weight: 400;\">Nicht jeder hat das Talent Nuancen von Aromen und D\u00fcften zu unterscheiden, das man noch als Professioneller durch etliche Verkostungen das ganze Leben erweitern muss. Deshalb gibt es nicht viele professionelle Weinexperten, aber jeder Laie hat doch die M\u00f6glichkeit einen Wein zu geniessen und seine Gef\u00fchle ausprechen, denn man darf subjektiv sein.<\/span><\/p>\n<p><span style=\"font-weight: 400;\">Subjektiv ist auch die Weinkarte des \u201cKungu Rija\u201d, wo die Wahl der Weine nicht nur f\u00fcr die Nuancen des Weingeschmacks stehen, aber wichtig sind auch Geschichte und Philosophie der Weing\u00fcter. W\u00fcrde man die Gestaltung der Weinkarte mit dem Bau eines Hauses vergleichen, dann w\u00e4ren es jetzt erst die ersten Entw\u00fcrfe und es k\u00f6nnte sein, das es immer so bleiben wird im endloses Stadium eines Entwurfes.<\/span><\/p>\n<\/div><\/div><\/div><\/div><\/div><\/div>","protected":false},"excerpt":{"rendered":"<p>DIE K\u00dcCHEDie Scheunenk\u00fcche steht im Zeichen der Synthesis, denn wir vereinen lettische Traditionen mit Eindr\u00fccken aus aller Welt. Ein endloser Prozess des Suchens und Versuchens um etwas neues zu erschaffen, [&hellip;]<\/p>\n<p><a href=\"https:\/\/kungurija.lv\/de\/restaurant\/\" class=\"more-link style1-button\">Weiterlesen<\/a><\/p>","protected":false},"author":4,"featured_media":0,"parent":0,"menu_order":0,"comment_status":"closed","ping_status":"closed","template":"","meta":[],"_links":{"self":[{"href":"https:\/\/kungurija.lv\/de\/wp-json\/wp\/v2\/pages\/256"}],"collection":[{"href":"https:\/\/kungurija.lv\/de\/wp-json\/wp\/v2\/pages"}],"about":[{"href":"https:\/\/kungurija.lv\/de\/wp-json\/wp\/v2\/types\/page"}],"author":[{"embeddable":true,"href":"https:\/\/kungurija.lv\/de\/wp-json\/wp\/v2\/users\/4"}],"replies":[{"embeddable":true,"href":"https:\/\/kungurija.lv\/de\/wp-json\/wp\/v2\/comments?post=256"}],"version-history":[{"count":1,"href":"https:\/\/kungurija.lv\/de\/wp-json\/wp\/v2\/pages\/256\/revisions"}],"predecessor-version":[{"id":257,"href":"https:\/\/kungurija.lv\/de\/wp-json\/wp\/v2\/pages\/256\/revisions\/257"}],"wp:attachment":[{"href":"https:\/\/kungurija.lv\/de\/wp-json\/wp\/v2\/media?parent=256"}],"curies":[{"name":"wp","href":"https:\/\/api.w.org\/{rel}","templated":true}]}}