{"id":248,"date":"2017-07-13T14:20:16","date_gmt":"2017-07-13T11:20:16","guid":{"rendered":"http:\/\/kungurija.lv\/es\/pagrabs\/"},"modified":"2017-09-26T10:42:01","modified_gmt":"2017-09-26T07:42:01","slug":"salon-sotano","status":"publish","type":"page","link":"https:\/\/kungurija.lv\/es\/salon-sotano\/","title":{"rendered":"sal\u00f3n s\u00f3tano"},"content":{"rendered":"<div class=\"be-section         clearfix\" data-headerscheme=\"background--dark\" style=\" \"  ><div class=\"be-section-pad clearfix \" style=\" padding-top:90px;padding-bottom:90px;\" data-padding-top = \"90\"><div  class=\"be-row be-wrap clearfix \"><div  class=\"one-col column-block clearfix  no-background    \" data-animation=\"\" style=\"  \"><div class=\"be-custom-column-inner\"><div class=\"special-heading-wrap style4 \" data-animation=\"fadeIn\"><div class=\"vertical-divider top\" style=\"background-color:#d2d2d2;\"><\/div><div class=\"special-heading \"><h3 class=\"special-h-tag\" style=\"color: \">El s\u00f3tano.<\/h3><\/div><div class=\"vertical-divider bottom\" style=\"background-color:#d2d2d2;\"><\/div><\/div><div class=\"portfolio-all-wrap hover-icon-no-show\"><div class=\"portfolio full-screen full-screen-gutter style1-gutter three-col\" style=\"margin-right: 40px;\" data-action=\"get_be_gallery_with_pagination\" data-paged=\"1\" data-masonry=\"0\" data-source='{\"source\":\"selected\",\"account_name\":\"themeforest\",\"count\":\"10\",\"col\":\"three\",\"masonry\":0}' data-gutter-width=\"40\" data-images-array=\"188,189,190\" data-col=\"three\" data-items-per-load=\"9\" data-hover-style=\"style1-hover\" data-image-grayscale=\"c_to_c\" data-lightbox-type=\"photoswipe\" data-image-source=\"selected\" data-image-effect=\"none\" data-thumb-overlay-color=\"rgba(0,0,0,0.2)\" data-grad-style-color=\"\" data-like-button=\"1\" data-hover-content=\"none\" data-hover-content-color=\"\" ><div class=\"portfolio-container clickable clearfix portfolio-shortcode be-photoswipe-gallery init-slide-top \"><div class=\"element be-hoverlay not-wide no-wide-width-height style1-hover c_to_c\" style=\"margin-bottom: 40px !important;\"><div class=\"element-inner\" style=\"margin-left: 40px;\"><a href=\"https:\/\/kungurija.lv\/wp-content\/uploads\/2017\/07\/pagrabs1.jpg\" data-size=\"3000x2000\" data-href=\"https:\/\/kungurija.lv\/wp-content\/uploads\/2017\/07\/pagrabs1.jpg\" class=\"thumb-wrap\" title=\"\"><div class=\"flip-wrap\"><div class=\"flip-img-wrap none-effect\"><img src=\"https:\/\/kungurija.lv\/wp-content\/uploads\/2017\/07\/pagrabs1-650x406.jpg\" alt=\"\" \/><\/div><\/div><div class=\"thumb-overlay\"><div class=\"thumb-bg\" style=\"background-color:rgba(0,0,0,0.2); \"><div class=\"thumb-title-wrap display-table-cell vertical-align-middle align-center fadeIn animated\"><div class=\"thumb-title\" style=\"color:;\"><i class=\"portfolio-overlay-icon\"><\/i><\/div><\/div><\/div><\/div><\/a><\/div><\/div><div class=\"element be-hoverlay not-wide no-wide-width-height style1-hover c_to_c\" style=\"margin-bottom: 40px !important;\"><div class=\"element-inner\" style=\"margin-left: 40px;\"><a href=\"https:\/\/kungurija.lv\/wp-content\/uploads\/2017\/07\/pagrabs-ieks\u030ca-2_small.jpg\" data-size=\"1000x667\" data-href=\"https:\/\/kungurija.lv\/wp-content\/uploads\/2017\/07\/pagrabs-ieks\u030ca-2_small.jpg\" class=\"thumb-wrap\" title=\"\"><div class=\"flip-wrap\"><div class=\"flip-img-wrap none-effect\"><img src=\"https:\/\/kungurija.lv\/wp-content\/uploads\/2017\/07\/pagrabs-ieks\u030ca-2_small-650x406.jpg\" alt=\"\" \/><\/div><\/div><div class=\"thumb-overlay\"><div class=\"thumb-bg\" style=\"background-color:rgba(0,0,0,0.2); \"><div class=\"thumb-title-wrap display-table-cell vertical-align-middle align-center fadeIn animated\"><div class=\"thumb-title\" style=\"color:;\"><i class=\"portfolio-overlay-icon\"><\/i><\/div><\/div><\/div><\/div><\/a><\/div><\/div><div class=\"element be-hoverlay not-wide no-wide-width-height style1-hover c_to_c\" style=\"margin-bottom: 40px !important;\"><div class=\"element-inner\" style=\"margin-left: 40px;\"><a href=\"https:\/\/kungurija.lv\/wp-content\/uploads\/2017\/07\/pagrabs-ieks\u030ca_small.jpg\" data-size=\"1000x667\" data-href=\"https:\/\/kungurija.lv\/wp-content\/uploads\/2017\/07\/pagrabs-ieks\u030ca_small.jpg\" class=\"thumb-wrap\" title=\"\"><div class=\"flip-wrap\"><div class=\"flip-img-wrap none-effect\"><img src=\"https:\/\/kungurija.lv\/wp-content\/uploads\/2017\/07\/pagrabs-ieks\u030ca_small-650x406.jpg\" alt=\"\" \/><\/div><\/div><div class=\"thumb-overlay\"><div class=\"thumb-bg\" style=\"background-color:rgba(0,0,0,0.2); \"><div class=\"thumb-title-wrap display-table-cell vertical-align-middle align-center fadeIn animated\"><div class=\"thumb-title\" style=\"color:;\"><i class=\"portfolio-overlay-icon\"><\/i><\/div><\/div><\/div><\/div><\/a><\/div><\/div><\/div><\/div><\/div><div class=\"be-text-inner clearfix\" style=\"width: 90%; margin: 0 auto 30px;\"><p>Abajo en el s\u00f3tano te encuentras con&nbsp; el ambiente que hace gran contraste con &nbsp;la atm\u00f3sfera tranquila&nbsp; que&nbsp; rodea el restaurante Kungu Rija. Son las fotos impresionantes y coloridas, los recuerdos que reuni\u00f3 Nico Gulberg trabajando 10 a\u00f1os como jefe-cocinero del equipo de Formula1&nbsp; Red Bull&nbsp; un Torro Rosso y adem\u00e1s los regalos de nuestros hu\u00e9spedes.<\/p>\n<p>Es un lugar donde los colegas pueden encontrarse en la atm\u00f3sfera informal, los amigos vienen a celebrar sus fiestas.<\/p>\n<p>En la terraza de verano hacemos fiestas con barbacoa y aqu\u00ed en invierno montamos una barra de la nieve espectacular.<\/p>\n<\/div><div class=\"portfolio-all-wrap hover-icon-no-show\"><div class=\"portfolio full-screen full-screen-gutter style1-gutter three-col\" style=\"margin-right: 40px;\" data-action=\"get_be_gallery_with_pagination\" data-paged=\"1\" data-masonry=\"0\" data-source='{\"source\":\"selected\",\"account_name\":\"themeforest\",\"count\":\"10\",\"col\":\"three\",\"masonry\":0}' data-gutter-width=\"40\" data-images-array=\"192,193,194\" data-col=\"three\" data-items-per-load=\"9\" data-hover-style=\"style1-hover\" data-image-grayscale=\"c_to_c\" data-lightbox-type=\"photoswipe\" data-image-source=\"selected\" data-image-effect=\"none\" data-thumb-overlay-color=\"rgba(0,0,0,0.2)\" data-grad-style-color=\"\" data-like-button=\"1\" data-hover-content=\"none\" data-hover-content-color=\"\" ><div class=\"portfolio-container clickable clearfix portfolio-shortcode be-photoswipe-gallery init-slide-top \"><div class=\"element be-hoverlay not-wide no-wide-width-height style1-hover c_to_c\" style=\"margin-bottom: 40px !important;\"><div class=\"element-inner\" style=\"margin-left: 40px;\"><a href=\"https:\/\/kungurija.lv\/wp-content\/uploads\/2017\/07\/pagrabs5_small.jpg\" data-size=\"1000x667\" data-href=\"https:\/\/kungurija.lv\/wp-content\/uploads\/2017\/07\/pagrabs5_small.jpg\" class=\"thumb-wrap\" title=\"\"><div class=\"flip-wrap\"><div class=\"flip-img-wrap none-effect\"><img src=\"https:\/\/kungurija.lv\/wp-content\/uploads\/2017\/07\/pagrabs5_small-650x406.jpg\" alt=\"\" \/><\/div><\/div><div class=\"thumb-overlay\"><div class=\"thumb-bg\" style=\"background-color:rgba(0,0,0,0.2); \"><div class=\"thumb-title-wrap display-table-cell vertical-align-middle align-center fadeIn animated\"><div class=\"thumb-title\" style=\"color:;\"><i class=\"portfolio-overlay-icon\"><\/i><\/div><\/div><\/div><\/div><\/a><\/div><\/div><div class=\"element be-hoverlay not-wide no-wide-width-height style1-hover c_to_c\" style=\"margin-bottom: 40px !important;\"><div class=\"element-inner\" style=\"margin-left: 40px;\"><a href=\"https:\/\/kungurija.lv\/wp-content\/uploads\/2017\/07\/pagrabs12_small.jpg\" data-size=\"1000x667\" data-href=\"https:\/\/kungurija.lv\/wp-content\/uploads\/2017\/07\/pagrabs12_small.jpg\" class=\"thumb-wrap\" title=\"\"><div class=\"flip-wrap\"><div class=\"flip-img-wrap none-effect\"><img src=\"https:\/\/kungurija.lv\/wp-content\/uploads\/2017\/07\/pagrabs12_small-650x406.jpg\" alt=\"\" \/><\/div><\/div><div class=\"thumb-overlay\"><div class=\"thumb-bg\" style=\"background-color:rgba(0,0,0,0.2); \"><div class=\"thumb-title-wrap display-table-cell vertical-align-middle align-center fadeIn animated\"><div class=\"thumb-title\" style=\"color:;\"><i class=\"portfolio-overlay-icon\"><\/i><\/div><\/div><\/div><\/div><\/a><\/div><\/div><div class=\"element be-hoverlay not-wide no-wide-width-height style1-hover c_to_c\" style=\"margin-bottom: 40px !important;\"><div class=\"element-inner\" style=\"margin-left: 40px;\"><a href=\"https:\/\/kungurija.lv\/wp-content\/uploads\/2017\/07\/pagrabs18_small.jpg\" data-size=\"1000x667\" data-href=\"https:\/\/kungurija.lv\/wp-content\/uploads\/2017\/07\/pagrabs18_small.jpg\" class=\"thumb-wrap\" title=\"\"><div class=\"flip-wrap\"><div class=\"flip-img-wrap none-effect\"><img src=\"https:\/\/kungurija.lv\/wp-content\/uploads\/2017\/07\/pagrabs18_small-650x406.jpg\" alt=\"\" \/><\/div><\/div><div class=\"thumb-overlay\"><div class=\"thumb-bg\" style=\"background-color:rgba(0,0,0,0.2); \"><div class=\"thumb-title-wrap display-table-cell vertical-align-middle align-center fadeIn animated\"><div class=\"thumb-title\" style=\"color:;\"><i class=\"portfolio-overlay-icon\"><\/i><\/div><\/div><\/div><\/div><\/a><\/div><\/div><\/div><\/div><\/div><\/div><\/div><\/div><\/div><\/div>","protected":false},"excerpt":{"rendered":"<p>El s\u00f3tano.Abajo en el s\u00f3tano te encuentras con&nbsp; el ambiente que hace gran contraste con &nbsp;la atm\u00f3sfera tranquila&nbsp; que&nbsp; rodea el restaurante Kungu Rija. Son las fotos impresionantes y coloridas, [&hellip;]<\/p>\n<p><a href=\"https:\/\/kungurija.lv\/es\/salon-sotano\/\" class=\"more-link style1-button\">Read More<\/a><\/p>","protected":false},"author":4,"featured_media":0,"parent":0,"menu_order":0,"comment_status":"closed","ping_status":"closed","template":"","meta":[],"_links":{"self":[{"href":"https:\/\/kungurija.lv\/es\/wp-json\/wp\/v2\/pages\/248"}],"collection":[{"href":"https:\/\/kungurija.lv\/es\/wp-json\/wp\/v2\/pages"}],"about":[{"href":"https:\/\/kungurija.lv\/es\/wp-json\/wp\/v2\/types\/page"}],"author":[{"embeddable":true,"href":"https:\/\/kungurija.lv\/es\/wp-json\/wp\/v2\/users\/4"}],"replies":[{"embeddable":true,"href":"https:\/\/kungurija.lv\/es\/wp-json\/wp\/v2\/comments?post=248"}],"version-history":[{"count":2,"href":"https:\/\/kungurija.lv\/es\/wp-json\/wp\/v2\/pages\/248\/revisions"}],"predecessor-version":[{"id":293,"href":"https:\/\/kungurija.lv\/es\/wp-json\/wp\/v2\/pages\/248\/revisions\/293"}],"wp:attachment":[{"href":"https:\/\/kungurija.lv\/es\/wp-json\/wp\/v2\/media?parent=248"}],"curies":[{"name":"wp","href":"https:\/\/api.w.org\/{rel}","templated":true}]}}