{"id":250,"date":"2016-08-22T05:21:45","date_gmt":"2016-08-22T02:21:45","guid":{"rendered":"http:\/\/kungurija.lv\/es\/restorans\/"},"modified":"2017-09-26T10:41:18","modified_gmt":"2017-09-26T07:41:18","slug":"restaurante","status":"publish","type":"page","link":"https:\/\/kungurija.lv\/es\/restaurante\/","title":{"rendered":"restaurante"},"content":{"rendered":"<div class=\"be-section         clearfix\" data-headerscheme=\"background--light\" style=\" \"  ><div class=\"be-section-pad clearfix \" style=\" padding-top:20px;padding-bottom:0px;\" data-padding-top = \"20\"><div class=\"be-row-wrap be-column-spacing clearfix\" style=\"border-spacing:20px 0;\"><div  class=\"be-row  zero-bottom be-no-space \"><div  class=\"one-half column-block  with-background    \" data-animation=\"\" style=\"background-color: #ffffff;  \"><div class=\"be-custom-column-pad\" style=\"padding-top: 20%;padding-right: 15%;padding-bottom: 20%;padding-left: 15%;\"><div class=\"special-heading-wrap style4 \" data-animation=\"fadeIn\"><div class=\"special-heading \"><h3 class=\"special-h-tag\" style=\"color: \">Nuestra cocina<\/h3><\/div><div class=\"vertical-divider bottom\" style=\"background-color:#d2d2d2;\"><\/div><\/div><p><span style=\"font-weight: 400;\">La mayor particularidad de la cocina del restaurante Kungu Rija es su ecl\u00e9cticismo. Tratamos de combinar las tradiciones de la cocina letona con &nbsp;las de otras nacionalidades. Es un procedimiento sin fin. El concepto de nuestra cocina responde a las ideas del maestro de cocina, &nbsp;y escritor franc\u00e9s, Mor\u00eds Edmondo Salana (Couronski): \u201cLa sencillez en el arte es se\u00f1al de maestr\u00eda. \u00bfQu\u00e9 significa una buena cocina? Es cuando un plato tiene el sabor que debe tener ese plato\u201d. Nosotros trataremos &nbsp;de conservar este principio &nbsp;de no intervenir, tratando de subrayar todos los matices naturales de los sabores del producto. <\/span><\/p>\n<p><span style=\"font-weight: 400;\">Organizaci\u00f3n de diferentes tipos de eventos y viajes organizados.<\/span><\/p>\n<p><span style=\"font-weight: 400;\">Estamos dispuestos a organizar y abastecer los eventos organizados. Eso podr\u00eda ser mesa sueca con finos o sofisticados entrantes, o una mesa al aire libre con manjares a la parilla. Tambi\u00e9n puede ser una mesa de gala para una boda.<\/span><\/p>\n<\/div><\/div><div  class=\"one-half column-block  with-background be-bg-cover   \" data-animation=\"\" style=\"background: url(https:\/\/kungurija.lv\/wp-content\/uploads\/2017\/02\/Baltic-Pictures-9633.jpg) no-repeat scroll center center;  \"><div class=\"be-custom-column-inner\"><\/div><\/div><\/div><\/div><\/div><\/div><div class=\"be-section         clearfix\" data-headerscheme=\"background--light\" style=\" \"  ><div class=\"be-section-pad clearfix \" style=\" padding-top:20px;padding-bottom:20px;\" data-padding-top = \"20\"><div class=\"be-row-wrap be-column-spacing clearfix\" style=\"border-spacing:20px 0;\"><div  class=\"be-row  zero-bottom be-no-space \"><div  class=\"one-half column-block  with-background be-bg-cover   \" data-animation=\"\" style=\"background: url(https:\/\/kungurija.lv\/wp-content\/uploads\/2016\/08\/vina-skapis-ar-uguni.jpg) no-repeat scroll center right;  \"><div class=\"be-custom-column-inner\"><\/div><\/div><div  class=\"one-half column-block  with-background    \" data-animation=\"\" style=\"background-color: #ffffff;  \"><div class=\"be-custom-column-pad\" style=\"padding-top: 15%;padding-right: 15%;padding-bottom: 15%;padding-left: 15%;\"><div class=\"special-heading-wrap style4 \" data-animation=\"fadeIn\"><div class=\"special-heading \"><h3 class=\"special-h-tag\" style=\"color: \">La carta de vinos<\/h3><\/div><div class=\"vertical-divider bottom\" style=\"background-color:#d2d2d2;\"><\/div><\/div><p><span style=\"font-weight: 400;\">Hay poca gente que tenga talento distinguir todos los matices de sabores y olores, esta habilidad adquiere durante un camino largo de pruebas y degustaciones. Puede ser por eso hay tan pocos profesionales sommelier de alta categor\u00eda. &nbsp;&nbsp;Pero cada una persona tiene su talento de saborear el vino, disfrutarlo y recibir sus emociones y asociaciones.<\/span><\/p>\n<p><span style=\"font-weight: 400;\">Este momento de subjetividad es inherente a la carta de vinos de nuestro restaurante. Nos importan no s\u00f3lo matices y caracter\u00edsticas del vino sino tambi\u00e9n la historia y la filosof\u00eda de la misma marca &nbsp;y de la Casa del vino.<\/span><\/p>\n<p><span style=\"font-weight: 400;\">La creaci\u00f3n de una carta de vinos se puede comparar con la construcci\u00f3n de la casa, as\u00ed que entendemos que estamos en el pleno comienzo y es probable que &nbsp;nuestra carta de vinos se quede en la etapa de borradores arquitect\u00f3nicos nunca acabados. <\/span><\/p>\n<\/div><\/div><\/div><\/div><\/div><\/div>","protected":false},"excerpt":{"rendered":"<p>Nuestra cocinaLa mayor particularidad de la cocina del restaurante Kungu Rija es su ecl\u00e9cticismo. Tratamos de combinar las tradiciones de la cocina letona con &nbsp;las de otras nacionalidades. Es un [&hellip;]<\/p>\n<p><a href=\"https:\/\/kungurija.lv\/es\/restaurante\/\" class=\"more-link style1-button\">Read More<\/a><\/p>","protected":false},"author":4,"featured_media":0,"parent":0,"menu_order":0,"comment_status":"closed","ping_status":"closed","template":"","meta":[],"_links":{"self":[{"href":"https:\/\/kungurija.lv\/es\/wp-json\/wp\/v2\/pages\/250"}],"collection":[{"href":"https:\/\/kungurija.lv\/es\/wp-json\/wp\/v2\/pages"}],"about":[{"href":"https:\/\/kungurija.lv\/es\/wp-json\/wp\/v2\/types\/page"}],"author":[{"embeddable":true,"href":"https:\/\/kungurija.lv\/es\/wp-json\/wp\/v2\/users\/4"}],"replies":[{"embeddable":true,"href":"https:\/\/kungurija.lv\/es\/wp-json\/wp\/v2\/comments?post=250"}],"version-history":[{"count":2,"href":"https:\/\/kungurija.lv\/es\/wp-json\/wp\/v2\/pages\/250\/revisions"}],"predecessor-version":[{"id":291,"href":"https:\/\/kungurija.lv\/es\/wp-json\/wp\/v2\/pages\/250\/revisions\/291"}],"wp:attachment":[{"href":"https:\/\/kungurija.lv\/es\/wp-json\/wp\/v2\/media?parent=250"}],"curies":[{"name":"wp","href":"https:\/\/api.w.org\/{rel}","templated":true}]}}