{"id":279,"date":"2016-08-22T05:24:31","date_gmt":"2016-08-22T02:24:31","guid":{"rendered":"http:\/\/kungurija.lv\/es\/kontakti\/"},"modified":"2017-09-26T10:42:46","modified_gmt":"2017-09-26T07:42:46","slug":"contactos","status":"publish","type":"page","link":"https:\/\/kungurija.lv\/es\/contactos\/","title":{"rendered":"contactos"},"content":{"rendered":"<div class=\"be-section         clearfix\" data-headerscheme=\"background--dark\" style=\" \"  ><div class=\"be-section-pad clearfix \" style=\" padding-top:90px;padding-bottom:90px;\" data-padding-top = \"90\"><div  class=\"be-row be-wrap clearfix \"><div  class=\"one-col column-block clearfix  no-background    \" data-animation=\"\" style=\"  \"><div class=\"be-custom-column-inner\"><div class=\"special-heading-wrap style4 \" data-animation=\"fadeIn\"><div class=\"vertical-divider top\" style=\"background-color:#d2d2d2;\"><\/div><div class=\"special-heading \"><h3 class=\"special-h-tag\" style=\"color: \">Contactos<\/h3><\/div><\/div><\/div><\/div><\/div><\/div><\/div><div class=\"be-section         clearfix\" data-headerscheme=\"background--light\" style=\" \"  ><div class=\"be-section-pad clearfix \" style=\" padding-top:0px;padding-bottom:90px;\" data-padding-top = \"0\"><div  class=\"be-row be-wrap clearfix \"><div  class=\"one-third column-block  no-background    \" data-animation=\"\" style=\"  \"><div class=\"be-custom-column-inner\"><div class=\"be_icon_card_wrap large circled \" data-animation=\"fadeIn\"><i class=\"font-icon icon-icon_phone  \" style=\"background-color:#ffffff;color:#af9f66; ;\"><\/i><div class=\"title-with-icon-card\" ><h6 style=\"color: \">nuestro tel\u00e9fono <\/h6><div class=\"body-font\" style=\"color: \">(+371) 67 971 473<\/div><\/div><\/div><\/div><\/div><div  class=\"one-third column-block  no-background    \" data-animation=\"\" style=\"  \"><div class=\"be-custom-column-inner\"><div class=\"be_icon_card_wrap large circled \" data-animation=\"fadeIn\"><i class=\"font-icon icon-email  \" style=\"background-color:#ffffff;color:#af9f66; ;\"><\/i><div class=\"title-with-icon-card\" ><h6 style=\"color: \">nuestro correo electr\u00f3nico <\/h6><div class=\"body-font\" style=\"color: \">info@kungurija.lv<\/div><\/div><\/div>undefined<\/div><\/div><div  class=\"one-third column-block  no-background    \" data-animation=\"\" style=\"  \"><div class=\"be-custom-column-inner\"><div class=\"be_icon_card_wrap large circled \" data-animation=\"fadeIn\"><i class=\"font-icon icon-icon_pin  \" style=\"background-color:#ffffff;color:#af9f66; ;\"><\/i><div class=\"title-with-icon-card\" ><h6 style=\"color: \">nos encontramos <\/h6><div class=\"body-font\" style=\"color: \">en distrito Krimulda <\/div><\/div><\/div><\/div><\/div><\/div><div  class=\"be-row be-wrap clearfix \"><div  class=\"one-half column-block  no-background    \" data-animation=\"\" style=\"  \"><div class=\"be-custom-column-inner\"><h6>para escribir<\/h6>\n<p>escr\u00edbanos y le respondemos lo m\u00e1s pronto posible. <\/p>\n<div class=\"contact_form contact_form_module style2 style1-input\">\n\t\t\t\t\t\t<form method=\"post\" class=\"contact\">\n\t\t\t\t\t\t\t<fieldset class=\"field_name contact_fieldset\">\n\t\t\t\t\t\t\t\t<input type=\"text\" name=\"contact_name\" class=\"txt autoclear\" placeholder=\"Name\" style=\"background-color: #ffffff;color: #939393;border-width: px; border-style: solid;border-color: #ffffff; height: 40px;\" \/>\n\t\t\t\t\t\t\t<\/fieldset>\n\t\t\t\t\t\t\t<fieldset class=\"field_email contact_fieldset\">\n\t\t\t\t\t\t\t\t<input type=\"text\" name=\"contact_email\" class=\"txt autoclear\" placeholder=\"Email\" style=\"background-color: #ffffff;color: #939393;border-width: px; border-style: solid;border-color: #ffffff; height: 40px;\" \/>\n\t\t\t\t\t\t\t<\/fieldset><fieldset class=\"field_comment contact_fieldset\">\n\t\t\t\t\t\t\t\t<textarea name=\"contact_comment\" class=\"txt_area autoclear\" placeholder=\"Message\" style=\"background-color: #ffffff;color: #939393;border-width: px; border-style: solid;border-color: #ffffff;\" ><\/textarea>\n\t\t\t\t\t\t\t<\/fieldset>\n\t\t\t\t\t\t\t<fieldset class=\"contact_fieldset submit-fieldset\">\n\t\t\t\t\t\t\t\t<input type=\"submit\" name=\"contact_submit\" value=\"Submit\" class=\"contact_submit be-shortcode blockbtn be-button rounded\" style=\"background-color: #af9f66;color: #ffffff;\"\/>\n\t\t\t\t\t\t\t\t<div class=\"contact_loader\"><div class=\"font-icon loader-style4-wrap loader-icon\"><\/div><\/div>\n\t\t\t\t\t\t\t<\/fieldset>\n\t\t\t\t\t\t\t<div class=\"contact_status be-notification\"><\/div>\n\t\t\t\t\t\t<\/form>\n\t\t\t\t\t<\/div><\/div><\/div><div  class=\"one-half column-block  no-background    \" data-animation=\"\" style=\"  \"><div class=\"be-custom-column-inner\"><div class=\"gmap-wrapper \" style=\"height:500px;\" data-animation=\"fadeIn\"><div class=\"gmap map_960\" data-address=\"Kungu Rija, Krimuldas novads, Latvija\" data-zoom=\"14\" data-latitude=\"57.1841373\" data-longitude=\"24.8315585\" data-marker=\"\" data-style=\"greyscale\"><\/div><\/div><\/div><\/div><\/div><\/div><\/div>","protected":false},"excerpt":{"rendered":"<p>Contactosnuestro tel\u00e9fono (+371) 67 971 473nuestro correo electr\u00f3nico info@kungurija.lvundefinednos encontramos en distrito Krimulda para escribir escr\u00edbanos y le respondemos lo m\u00e1s pronto posible.<\/p>\n<p><a href=\"https:\/\/kungurija.lv\/es\/contactos\/\" class=\"more-link style1-button\">Read More<\/a><\/p>","protected":false},"author":4,"featured_media":0,"parent":0,"menu_order":0,"comment_status":"closed","ping_status":"closed","template":"","meta":[],"_links":{"self":[{"href":"https:\/\/kungurija.lv\/es\/wp-json\/wp\/v2\/pages\/279"}],"collection":[{"href":"https:\/\/kungurija.lv\/es\/wp-json\/wp\/v2\/pages"}],"about":[{"href":"https:\/\/kungurija.lv\/es\/wp-json\/wp\/v2\/types\/page"}],"author":[{"embeddable":true,"href":"https:\/\/kungurija.lv\/es\/wp-json\/wp\/v2\/users\/4"}],"replies":[{"embeddable":true,"href":"https:\/\/kungurija.lv\/es\/wp-json\/wp\/v2\/comments?post=279"}],"version-history":[{"count":2,"href":"https:\/\/kungurija.lv\/es\/wp-json\/wp\/v2\/pages\/279\/revisions"}],"predecessor-version":[{"id":295,"href":"https:\/\/kungurija.lv\/es\/wp-json\/wp\/v2\/pages\/279\/revisions\/295"}],"wp:attachment":[{"href":"https:\/\/kungurija.lv\/es\/wp-json\/wp\/v2\/media?parent=279"}],"curies":[{"name":"wp","href":"https:\/\/api.w.org\/{rel}","templated":true}]}}